{"id":873,"date":"2023-01-30T22:00:05","date_gmt":"2023-01-30T20:00:05","guid":{"rendered":"https:\/\/leclips.org\/?page_id=873"},"modified":"2023-03-06T17:55:10","modified_gmt":"2023-03-06T15:55:10","slug":"mission","status":"publish","type":"page","link":"https:\/\/leclips.org\/fr\/mission\/","title":{"rendered":"La mission du CLIPS"},"content":{"rendered":"<div data-elementor-type=\"wp-page\" data-elementor-id=\"873\" class=\"elementor elementor-873\">\n\t\t\t\t\t\t\t\t\t<section class=\"elementor-section elementor-top-section elementor-element elementor-element-471ddbc elementor-section-boxed elementor-section-height-default elementor-section-height-default\" data-id=\"471ddbc\" data-element_type=\"section\" data-settings=\"{&quot;background_background&quot;:&quot;classic&quot;}\">\n\t\t\t\t\t\t\t<div class=\"elementor-background-overlay\"><\/div>\n\t\t\t\t\t\t\t<div class=\"elementor-container elementor-column-gap-default\">\n\t\t\t\t\t<div class=\"elementor-column elementor-col-100 elementor-top-column elementor-element elementor-element-17b83158\" data-id=\"17b83158\" data-element_type=\"column\">\n\t\t\t<div class=\"elementor-widget-wrap elementor-element-populated\">\n\t\t\t\t\t\t\t\t<div class=\"elementor-element elementor-element-11cd48c2 elementor-widget elementor-widget-heading\" data-id=\"11cd48c2\" data-element_type=\"widget\" data-widget_type=\"heading.default\">\n\t\t\t\t<div class=\"elementor-widget-container\">\n\t\t\t<style>\/*! elementor - v3.10.0 - 09-01-2023 *\/\n.elementor-heading-title{padding:0;margin:0;line-height:1}.elementor-widget-heading .elementor-heading-title[class*=elementor-size-]>a{color:inherit;font-size:inherit;line-height:inherit}.elementor-widget-heading .elementor-heading-title.elementor-size-small{font-size:15px}.elementor-widget-heading .elementor-heading-title.elementor-size-medium{font-size:19px}.elementor-widget-heading .elementor-heading-title.elementor-size-large{font-size:29px}.elementor-widget-heading .elementor-heading-title.elementor-size-xl{font-size:39px}.elementor-widget-heading .elementor-heading-title.elementor-size-xxl{font-size:59px}<\/style><h1 class=\"elementor-heading-title elementor-size-default\">La mission du CLIPS<\/h1>\t\t<\/div>\n\t\t\t\t<\/div>\n\t\t\t\t\t<\/div>\n\t\t<\/div>\n\t\t\t\t\t\t\t<\/div>\n\t\t<\/section>\n\t\t\t\t<section class=\"elementor-section elementor-top-section elementor-element elementor-element-207p1ln elementor-section-content-middle elementor-section-boxed elementor-section-height-default elementor-section-height-default\" data-id=\"207p1ln\" data-element_type=\"section\" data-settings=\"{&quot;background_background&quot;:&quot;classic&quot;}\">\n\t\t\t\t\t\t\t<div class=\"elementor-background-overlay\"><\/div>\n\t\t\t\t\t\t\t<div class=\"elementor-container elementor-column-gap-no\">\n\t\t\t\t\t<div class=\"elementor-column elementor-col-50 elementor-top-column elementor-element elementor-element-47d11e6\" data-id=\"47d11e6\" data-element_type=\"column\">\n\t\t\t<div class=\"elementor-widget-wrap elementor-element-populated\">\n\t\t\t\t\t\t\t\t<div class=\"elementor-element elementor-element-51240be elementor-widget elementor-widget-image\" data-id=\"51240be\" data-element_type=\"widget\" data-widget_type=\"image.default\">\n\t\t\t\t<div class=\"elementor-widget-container\">\n\t\t\t<style>\/*! elementor - v3.10.0 - 09-01-2023 *\/\n.elementor-widget-image{text-align:center}.elementor-widget-image a{display:inline-block}.elementor-widget-image a img[src$=\".svg\"]{width:48px}.elementor-widget-image img{vertical-align:middle;display:inline-block}<\/style>\t\t\t\t\t\t\t\t\t\t\t\t<img loading=\"lazy\" decoding=\"async\" width=\"1280\" height=\"853\" src=\"https:\/\/leclips.org\/wp-content\/uploads\/2023\/01\/sunset-lake-mountains-7700936.jpg\" class=\"attachment-full size-full wp-image-404\" alt=\"sunset, lake, mountains-7700936.jpg\" srcset=\"https:\/\/leclips.org\/wp-content\/uploads\/2023\/01\/sunset-lake-mountains-7700936.jpg 1280w, https:\/\/leclips.org\/wp-content\/uploads\/2023\/01\/sunset-lake-mountains-7700936-300x200.jpg 300w, https:\/\/leclips.org\/wp-content\/uploads\/2023\/01\/sunset-lake-mountains-7700936-1024x682.jpg 1024w, https:\/\/leclips.org\/wp-content\/uploads\/2023\/01\/sunset-lake-mountains-7700936-768x512.jpg 768w\" sizes=\"auto, (max-width: 1280px) 100vw, 1280px\" \/>\t\t\t\t\t\t\t\t\t\t\t\t\t\t\t<\/div>\n\t\t\t\t<\/div>\n\t\t\t\t\t<\/div>\n\t\t<\/div>\n\t\t\t\t<div class=\"elementor-column elementor-col-50 elementor-top-column elementor-element elementor-element-e68dcfe\" data-id=\"e68dcfe\" data-element_type=\"column\">\n\t\t\t<div class=\"elementor-widget-wrap elementor-element-populated\">\n\t\t\t\t\t\t\t\t<div class=\"elementor-element elementor-element-a0ce042 elementor-widget elementor-widget-heading\" data-id=\"a0ce042\" data-element_type=\"widget\" data-widget_type=\"heading.default\">\n\t\t\t\t<div class=\"elementor-widget-container\">\n\t\t\t<h5 class=\"elementor-heading-title elementor-size-default\">Notre mission<\/h5>\t\t<\/div>\n\t\t\t\t<\/div>\n\t\t\t\t<div class=\"elementor-element elementor-element-72da1a5 elementor-widget elementor-widget-text-editor\" data-id=\"72da1a5\" data-element_type=\"widget\" data-widget_type=\"text-editor.default\">\n\t\t\t\t<div class=\"elementor-widget-container\">\n\t\t\t<style>\/*! elementor - v3.10.0 - 09-01-2023 *\/\n.elementor-widget-text-editor.elementor-drop-cap-view-stacked .elementor-drop-cap{background-color:#818a91;color:#fff}.elementor-widget-text-editor.elementor-drop-cap-view-framed .elementor-drop-cap{color:#818a91;border:3px solid;background-color:transparent}.elementor-widget-text-editor:not(.elementor-drop-cap-view-default) .elementor-drop-cap{margin-top:8px}.elementor-widget-text-editor:not(.elementor-drop-cap-view-default) .elementor-drop-cap-letter{width:1em;height:1em}.elementor-widget-text-editor .elementor-drop-cap{float:left;text-align:center;line-height:1;font-size:50px}.elementor-widget-text-editor .elementor-drop-cap-letter{display:inline-block}<\/style>\t\t\t\t<div class=\"elementor-element elementor-element-25ffcb4 elementor-widget elementor-widget-heading\" data-id=\"25ffcb4\" data-element_type=\"widget\" data-widget_type=\"heading.default\"><div class=\"elementor-widget-container\"><h6 class=\"elementor-heading-title elementor-size-default\">Le Centre Libanais de Planification Strat\u00e9gique se veut la feuille de route d&#039;un projet destin\u00e9 aux g\u00e9n\u00e9rations pr\u00e9sentes et futures. Elle tire sa l\u00e9gitimit\u00e9 de la n\u00e9cessit\u00e9 de \u00ab cheminer ensemble \u00bb et de \u00ab progresser ensemble \u00bb vers un \u00ab troisi\u00e8me choix \u00bb, c&#039;est-\u00e0-dire vers le consentement requis pour faire face \u00e0 l&#039;effondrement structurel tragique et g\u00e9n\u00e9ralis\u00e9, en adoptant des des moyens \u00e9thiques, sains et non violents, dans le cadre d&#039;une vision strat\u00e9gique r\u00e9demptrice de l&#039;Homme.<\/h6><\/div><\/div>\t\t\t\t\t\t<\/div>\n\t\t\t\t<\/div>\n\t\t\t\t\t<\/div>\n\t\t<\/div>\n\t\t\t\t\t\t\t<\/div>\n\t\t<\/section>\n\t\t\t\t<section class=\"elementor-section elementor-top-section elementor-element elementor-element-bch8i0i elementor-section-content-middle elementor-section-boxed elementor-section-height-default elementor-section-height-default\" data-id=\"bch8i0i\" data-element_type=\"section\" data-settings=\"{&quot;background_background&quot;:&quot;classic&quot;}\">\n\t\t\t\t\t\t\t<div class=\"elementor-background-overlay\"><\/div>\n\t\t\t\t\t\t\t<div class=\"elementor-container elementor-column-gap-extended\">\n\t\t\t\t\t<div class=\"elementor-column elementor-col-33 elementor-top-column elementor-element elementor-element-8a2eb3b\" data-id=\"8a2eb3b\" data-element_type=\"column\">\n\t\t\t<div class=\"elementor-widget-wrap elementor-element-populated\">\n\t\t\t\t\t\t\t\t<div class=\"elementor-element elementor-element-379c400 elementor-widget elementor-widget-heading\" data-id=\"379c400\" data-element_type=\"widget\" data-widget_type=\"heading.default\">\n\t\t\t\t<div class=\"elementor-widget-container\">\n\t\t\t<h3 class=\"elementor-heading-title elementor-size-default\">Addresser l'effondrement structurel\n<\/h3>\t\t<\/div>\n\t\t\t\t<\/div>\n\t\t\t\t<div class=\"elementor-element elementor-element-3736791 elementor-widget elementor-widget-text-editor\" data-id=\"3736791\" data-element_type=\"widget\" data-widget_type=\"text-editor.default\">\n\t\t\t\t<div class=\"elementor-widget-container\">\n\t\t\t\t\t\t\t<div class=\"elementor-element elementor-element-943ce02 elementor-widget elementor-widget-text-editor\" data-id=\"943ce02\" data-element_type=\"widget\" data-widget_type=\"text-editor.default\"><div class=\"elementor-widget-container\"><p>La mission du centre est de rem\u00e9dier \u00e0 l&#039;effondrement structurel au Liban par des moyens pacifiques et non violents, afin de raviver l&#039;esprit national.<\/p><\/div><\/div>\t\t\t\t\t\t<\/div>\n\t\t\t\t<\/div>\n\t\t\t\t\t<\/div>\n\t\t<\/div>\n\t\t\t\t<div class=\"elementor-column elementor-col-33 elementor-top-column elementor-element elementor-element-771a94e\" data-id=\"771a94e\" data-element_type=\"column\">\n\t\t\t<div class=\"elementor-widget-wrap elementor-element-populated\">\n\t\t\t\t\t\t\t\t<div class=\"elementor-element elementor-element-22631ac elementor-widget elementor-widget-heading\" data-id=\"22631ac\" data-element_type=\"widget\" data-widget_type=\"heading.default\">\n\t\t\t\t<div class=\"elementor-widget-container\">\n\t\t\t<h3 class=\"elementor-heading-title elementor-size-default\">Promotion de la Fraternit\u00e9 Humaine\n<\/h3>\t\t<\/div>\n\t\t\t\t<\/div>\n\t\t\t\t<div class=\"elementor-element elementor-element-0b20dab elementor-widget elementor-widget-text-editor\" data-id=\"0b20dab\" data-element_type=\"widget\" data-widget_type=\"text-editor.default\">\n\t\t\t\t<div class=\"elementor-widget-container\">\n\t\t\t\t\t\t\t<div class=\"elementor-element elementor-element-d8e08ba elementor-widget elementor-widget-text-editor\" data-id=\"d8e08ba\" data-element_type=\"widget\" data-widget_type=\"text-editor.default\"><div class=\"elementor-widget-container\"><p>Le centre vise \u00e0 promouvoir une culture de fraternit\u00e9 humaine et de dialogue entre les religions et les cultures, ainsi qu'\u00e0 soutenir la dimension spirituelle et humanitaire.<\/p><\/div><\/div>\t\t\t\t\t\t<\/div>\n\t\t\t\t<\/div>\n\t\t\t\t\t<\/div>\n\t\t<\/div>\n\t\t\t\t<div class=\"elementor-column elementor-col-33 elementor-top-column elementor-element elementor-element-05c6905\" data-id=\"05c6905\" data-element_type=\"column\">\n\t\t\t<div class=\"elementor-widget-wrap elementor-element-populated\">\n\t\t\t\t\t\t\t\t<div class=\"elementor-element elementor-element-6de380c elementor-widget elementor-widget-heading\" data-id=\"6de380c\" data-element_type=\"widget\" data-widget_type=\"heading.default\">\n\t\t\t\t<div class=\"elementor-widget-container\">\n\t\t\t<h3 class=\"elementor-heading-title elementor-size-default\">Abordant les Probl\u00e8mes Soci\u00e9taux<\/h3>\t\t<\/div>\n\t\t\t\t<\/div>\n\t\t\t\t<div class=\"elementor-element elementor-element-1bb7f8e elementor-widget elementor-widget-text-editor\" data-id=\"1bb7f8e\" data-element_type=\"widget\" data-widget_type=\"text-editor.default\">\n\t\t\t\t<div class=\"elementor-widget-container\">\n\t\t\t\t\t\t\t<div class=\"elementor-element elementor-element-0148ef1 elementor-widget elementor-widget-text-editor\" data-id=\"0148ef1\" data-element_type=\"widget\" data-widget_type=\"text-editor.default\"><div class=\"elementor-widget-container\"><p>Le centre cherche \u00e9galement \u00e0 \u00e9tablir des politiques qui abordent des probl\u00e8mes tels que la pauvret\u00e9, la marginalisation et la d\u00e9sint\u00e9gration soci\u00e9tale, en mettant l'accent sur la cr\u00e9ation de politiques inclusives et adaptables.<\/p><\/div><\/div>\t\t\t\t\t\t<\/div>\n\t\t\t\t<\/div>\n\t\t\t\t\t<\/div>\n\t\t<\/div>\n\t\t\t\t\t\t\t<\/div>\n\t\t<\/section>\n\t\t\t\t\t\t\t<\/div>","protected":false},"excerpt":{"rendered":"<p>Mission Our mission The Lebanese Center for Strategic Planningis intended to be the roadmap of a project designed for both present and future generations. It draws its legitimacy from the need to &#8220;walk together&#8221; and to &#8220;progress together&#8221; in the direction of a &#8220;Third Choice&#8221;, that is, in the direction of the consent required to &hellip;<\/p>\n<p class=\"read-more\"> <a class=\"\" href=\"https:\/\/leclips.org\/fr\/mission\/\"> <span class=\"screen-reader-text\">La mission du CLIPS<\/span> Lire la suite \u00bb<\/a><\/p>","protected":false},"author":1,"featured_media":876,"parent":0,"menu_order":0,"comment_status":"closed","ping_status":"closed","template":"","meta":{"_uag_custom_page_level_css":"","_mi_skip_tracking":false,"site-sidebar-layout":"no-sidebar","site-content-layout":"page-builder","ast-global-header-display":"","ast-main-header-display":"","ast-hfb-above-header-display":"","ast-hfb-below-header-display":"","ast-hfb-mobile-header-display":"","site-post-title":"disabled","ast-breadcrumbs-content":"","ast-featured-img":"disabled","footer-sml-layout":"","theme-transparent-header-meta":"","adv-header-id-meta":"","stick-header-meta":"","header-above-stick-meta":"","header-main-stick-meta":"","header-below-stick-meta":"","footnotes":""},"class_list":["post-873","page","type-page","status-publish","has-post-thumbnail","hentry"],"aioseo_notices":[],"uagb_featured_image_src":{"full":["https:\/\/leclips.org\/wp-content\/uploads\/2023\/01\/banner-5.jpg",900,900,false],"thumbnail":["https:\/\/leclips.org\/wp-content\/uploads\/2023\/01\/banner-5-150x150.jpg",150,150,true],"medium":["https:\/\/leclips.org\/wp-content\/uploads\/2023\/01\/banner-5-300x300.jpg",300,300,true],"medium_large":["https:\/\/leclips.org\/wp-content\/uploads\/2023\/01\/banner-5-768x768.jpg",768,768,true],"large":["https:\/\/leclips.org\/wp-content\/uploads\/2023\/01\/banner-5.jpg",900,900,false],"1536x1536":["https:\/\/leclips.org\/wp-content\/uploads\/2023\/01\/banner-5.jpg",900,900,false],"2048x2048":["https:\/\/leclips.org\/wp-content\/uploads\/2023\/01\/banner-5.jpg",900,900,false],"trp-custom-language-flag":["https:\/\/leclips.org\/wp-content\/uploads\/2023\/01\/banner-5.jpg",12,12,false]},"uagb_author_info":{"display_name":"user","author_link":"https:\/\/leclips.org\/fr\/author\/user\/"},"uagb_comment_info":0,"uagb_excerpt":"Mission Our mission The Lebanese Center for Strategic Planningis intended to be the roadmap of a project designed for both present and future generations. It draws its legitimacy from the need to &#8220;walk together&#8221; and to &#8220;progress together&#8221; in the direction of a &#8220;Third Choice&#8221;, that is, in the direction of the consent required to\u2026","_links":{"self":[{"href":"https:\/\/leclips.org\/fr\/wp-json\/wp\/v2\/pages\/873","targetHints":{"allow":["GET"]}}],"collection":[{"href":"https:\/\/leclips.org\/fr\/wp-json\/wp\/v2\/pages"}],"about":[{"href":"https:\/\/leclips.org\/fr\/wp-json\/wp\/v2\/types\/page"}],"author":[{"embeddable":true,"href":"https:\/\/leclips.org\/fr\/wp-json\/wp\/v2\/users\/1"}],"replies":[{"embeddable":true,"href":"https:\/\/leclips.org\/fr\/wp-json\/wp\/v2\/comments?post=873"}],"version-history":[{"count":22,"href":"https:\/\/leclips.org\/fr\/wp-json\/wp\/v2\/pages\/873\/revisions"}],"predecessor-version":[{"id":1248,"href":"https:\/\/leclips.org\/fr\/wp-json\/wp\/v2\/pages\/873\/revisions\/1248"}],"wp:featuredmedia":[{"embeddable":true,"href":"https:\/\/leclips.org\/fr\/wp-json\/wp\/v2\/media\/876"}],"wp:attachment":[{"href":"https:\/\/leclips.org\/fr\/wp-json\/wp\/v2\/media?parent=873"}],"curies":[{"name":"wp","href":"https:\/\/api.w.org\/{rel}","templated":true}]}}